{"id":215,"date":"2023-11-30T14:22:13","date_gmt":"2023-11-30T14:22:13","guid":{"rendered":"https:\/\/klovborg.dk\/index.php\/bestyrelse\/"},"modified":"2023-11-30T14:26:19","modified_gmt":"2023-11-30T14:26:19","slug":"bestyrelse","status":"publish","type":"page","link":"https:\/\/klovborg.dk\/index.php\/bestyrelse\/","title":{"rendered":"Bestyrelse"},"content":{"rendered":"<div data-colibri-id=\"215-c1\" class=\"style-445 style-local-215-c1 position-relative\">\n  <!---->\n  <div data-colibri-component=\"section\" data-colibri-id=\"215-c2\" id=\"custom\" class=\"h-section h-section-global-spacing d-flex align-items-lg-center align-items-md-center align-items-center style-446 style-local-215-c2 position-relative\">\n    <!---->\n    <!---->\n    <div class=\"h-section-grid-container h-section-boxed-container\">\n      <!---->\n      <div data-colibri-id=\"215-c3\" class=\"h-row-container gutters-row-lg-2 gutters-row-md-2 gutters-row-0 gutters-row-v-lg-2 gutters-row-v-md-2 gutters-row-v-2 style-447 style-local-215-c3 position-relative\">\n        <!---->\n        <div class=\"h-row justify-content-lg-center justify-content-md-center justify-content-center align-items-lg-stretch align-items-md-stretch align-items-stretch gutters-col-lg-2 gutters-col-md-2 gutters-col-0 gutters-col-v-lg-2 gutters-col-v-md-2 gutters-col-v-2\">\n          <!---->\n          <div class=\"h-column h-column-container d-flex h-col-lg-auto h-col-md-auto h-col-auto style-448-outer style-local-215-c4-outer\">\n            <div data-colibri-id=\"215-c4\" class=\"d-flex h-flex-basis h-column__inner h-px-lg-2 h-px-md-2 h-px-2 v-inner-lg-2 v-inner-md-2 v-inner-2 style-448 style-local-215-c4 position-relative\">\n              <!---->\n              <!---->\n              <div class=\"w-100 h-y-container h-column__content h-column__v-align flex-basis-100 align-self-lg-start align-self-md-start align-self-start\">\n                <!---->\n                <div data-colibri-id=\"215-c5\" class=\"page-title style-449 style-local-215-c5 position-relative h-element\">\n                  <!---->\n                  <div class=\"h-page-title__outer style-449-outer style-local-215-c5-outer\">\n                    <div class=\"h-global-transition-all\"><span><h1 style='margin-bottom:0'>Bestyrelse<\/h1><\/span><\/div>\n                  <\/div>\n                <\/div>\n                <div data-colibri-id=\"215-c6\" class=\"h-text h-text-component style-450 style-local-215-c6 position-relative h-element\">\n                  <!---->\n                  <!---->\n                  <div class=\"\">\n                    <p>I 2012 besluttede vi at etablere vores f\u00f8rste bestyrelse. Bestyrelsens arbejde best\u00e5r i at hj\u00e6lpe os ejere med nogle smarte beslutninger, der giver god mening b\u00e5de p\u00e5 den korte og lange bane.<\/p>\n                    <p>Vi afholder 4 m\u00f8der om \u00e5ret.<\/p>\n                    <p>Der bliver hver m\u00e5ned lavet resultat og budgetopf\u00f8lgninger, samtidigt bliver der afrapporteret til relevante samarbejdspartnere.<\/p>\n                    <p>\n                      <br>\n                    <\/p>\n                  <\/div>\n                <\/div>\n                <div data-colibri-id=\"215-c14\" class=\"h-global-transition-all h-heading style-458 style-local-215-c14 position-relative h-element\">\n                  <!---->\n                  <div class=\"h-heading__outer style-458 style-local-215-c14\">\n                    <!---->\n                    <!---->\n                    <h4 class=\"\">Bestyrelsen best\u00e5r idag af:<\/h4>\n                  <\/div>\n                <\/div>\n                <div data-colibri-id=\"215-c7\" class=\"h-row-container gutters-row-lg-2 gutters-row-md-2 gutters-row-0 gutters-row-v-lg-2 gutters-row-v-md-2 gutters-row-v-2 style-451 style-local-215-c7 position-relative\">\n                  <!---->\n                  <div class=\"h-row justify-content-lg-start justify-content-md-start justify-content-start align-items-lg-stretch align-items-md-stretch align-items-stretch gutters-col-lg-2 gutters-col-md-2 gutters-col-0 gutters-col-v-lg-2 gutters-col-v-md-2 gutters-col-v-2\">\n                    <!---->\n                    <div class=\"h-column h-column-container d-flex h-col-lg-auto h-col-md-auto h-col-auto style-452-outer style-local-215-c8-outer\">\n                      <div data-colibri-id=\"215-c8\" class=\"d-flex h-flex-basis h-column__inner h-px-lg-2 h-px-md-2 h-px-2 v-inner-lg-2 v-inner-md-2 v-inner-2 style-452 style-local-215-c8 position-relative\">\n                        <!---->\n                        <!---->\n                        <div class=\"w-100 h-y-container h-column__content h-column__v-align flex-basis-auto align-self-lg-start align-self-md-start align-self-start\">\n                          <!---->\n                          <div data-colibri-id=\"215-c10\" class=\"d-block style-454 style-local-215-c10 position-relative h-element\">\n                            <!---->\n                            <div class=\"h-image__frame-container-outer\">\n                              <div class=\"h-image__frame-container\">\n                                <!---->\n                                <!---->\n                                <img loading=\"lazy\" decoding=\"async\" width=\"180\" height=\"240\" src=\"https:\/\/klovborg.dk\/wp-content\/uploads\/2023\/11\/IMG_9604.jpg\" class=\"wp-image-217 style-454-image style-local-215-c10-image\" alt=\"\" \/>\n                                <div class=\"h-image__frame h-hide-lg h-hide-md h-hide-sm style-454-frameImage style-local-215-c10-frameImage\"><\/div>\n                              <\/div>\n                              <div class=\"style-454-caption style-local-215-c10-caption\">\n                                Jens S\u00f8rensen\n                              <\/div>\n                            <\/div>\n                          <\/div>\n                          <div data-colibri-id=\"215-c12\" class=\"h-text h-text-component style-456 style-local-215-c12 position-relative h-element\">\n                            <!---->\n                            <!---->\n                            <div class=\"\">\n                              <p>&nbsp;Niels Hedermann (ejer)<\/p>\n                              <p>&nbsp;&nbsp;&nbsp;&nbsp;Lars Pedersen<\/p>\n                              <p>\n                                <br>\n                              <\/p>\n                            <\/div>\n                          <\/div>\n                        <\/div>\n                      <\/div>\n                    <\/div>\n                    <div class=\"h-column h-column-container d-flex h-col-lg-auto h-col-md-auto h-col-auto style-453-outer style-local-215-c9-outer\">\n                      <div data-colibri-id=\"215-c9\" class=\"d-flex h-flex-basis h-column__inner h-px-lg-2 h-px-md-2 h-px-2 v-inner-lg-2 v-inner-md-2 v-inner-2 style-453 style-local-215-c9 position-relative\">\n                        <!---->\n                        <!---->\n                        <div class=\"w-100 h-y-container h-column__content h-column__v-align flex-basis-auto align-self-lg-start align-self-md-start align-self-start\">\n                          <!---->\n                          <div data-colibri-id=\"215-c11\" class=\"d-block style-455 style-local-215-c11 position-relative h-element\">\n                            <!---->\n                            <div class=\"h-image__frame-container-outer\">\n                              <div class=\"h-image__frame-container\">\n                                <!---->\n                                <!---->\n                                <img loading=\"lazy\" decoding=\"async\" width=\"180\" height=\"240\" src=\"https:\/\/klovborg.dk\/wp-content\/uploads\/2023\/11\/bestyrelse_0.jpg\" class=\"wp-image-218 style-455-image style-local-215-c11-image\" alt=\"\" \/>\n                                <div class=\"h-image__frame h-hide-lg h-hide-md h-hide-sm style-455-frameImage style-local-215-c11-frameImage\"><\/div>\n                              <\/div>\n                              <div class=\"style-455-caption style-local-215-c11-caption\">\n                                Alex Mandrup\n                              <\/div>\n                            <\/div>\n                          <\/div>\n                        <\/div>\n                      <\/div>\n                    <\/div>\n                  <\/div>\n                <\/div>\n              <\/div>\n            <\/div>\n          <\/div>\n        <\/div>\n      <\/div>\n    <\/div>\n  <\/div>\n<\/div>","protected":false},"excerpt":{"rendered":"<p>I 2012 besluttede vi at etablere vores f\u00f8rste bestyrelse. Bestyrelsens arbejde best\u00e5r i at hj\u00e6lpe os ejere med nogle smarte beslutninger, der giver god mening b\u00e5de p\u00e5 den korte og lange bane. Vi afholder 4 m\u00f8der om \u00e5ret. Der bliver hver m\u00e5ned lavet resultat og budgetopf\u00f8lgninger, samtidigt bliver der afrapporteret til relevante samarbejdspartnere. Bestyrelsen best\u00e5r [&hellip;]<\/p>\n","protected":false},"author":1,"featured_media":0,"parent":0,"menu_order":0,"comment_status":"closed","ping_status":"closed","template":"page-templates\/full-width-page.php","meta":{"footnotes":""},"class_list":["post-215","page","type-page","status-publish","hentry"],"_links":{"self":[{"href":"https:\/\/klovborg.dk\/index.php\/wp-json\/wp\/v2\/pages\/215","targetHints":{"allow":["GET"]}}],"collection":[{"href":"https:\/\/klovborg.dk\/index.php\/wp-json\/wp\/v2\/pages"}],"about":[{"href":"https:\/\/klovborg.dk\/index.php\/wp-json\/wp\/v2\/types\/page"}],"author":[{"embeddable":true,"href":"https:\/\/klovborg.dk\/index.php\/wp-json\/wp\/v2\/users\/1"}],"replies":[{"embeddable":true,"href":"https:\/\/klovborg.dk\/index.php\/wp-json\/wp\/v2\/comments?post=215"}],"version-history":[{"count":1,"href":"https:\/\/klovborg.dk\/index.php\/wp-json\/wp\/v2\/pages\/215\/revisions"}],"predecessor-version":[{"id":220,"href":"https:\/\/klovborg.dk\/index.php\/wp-json\/wp\/v2\/pages\/215\/revisions\/220"}],"wp:attachment":[{"href":"https:\/\/klovborg.dk\/index.php\/wp-json\/wp\/v2\/media?parent=215"}],"curies":[{"name":"wp","href":"https:\/\/api.w.org\/{rel}","templated":true}]}}