{"id":267,"date":"2023-11-30T14:44:29","date_gmt":"2023-11-30T14:44:29","guid":{"rendered":"https:\/\/klovborg.dk\/index.php\/egholm\/"},"modified":"2025-01-09T13:46:28","modified_gmt":"2025-01-09T13:46:28","slug":"egholm","status":"publish","type":"page","link":"https:\/\/klovborg.dk\/index.php\/egholm\/","title":{"rendered":"Egholm"},"content":{"rendered":"<div data-colibri-id=\"267-c1\" class=\"style-485 style-local-267-c1 position-relative\">\n  <!---->\n  <div data-colibri-component=\"section\" data-colibri-id=\"267-c2\" id=\"custom\" class=\"h-section h-section-global-spacing d-flex align-items-lg-center align-items-md-center align-items-center style-486 style-local-267-c2 position-relative\">\n    <!---->\n    <!---->\n    <div class=\"h-section-grid-container h-section-boxed-container\">\n      <!---->\n      <div data-colibri-id=\"267-c3\" class=\"h-row-container gutters-row-lg-0 gutters-row-md-0 gutters-row-0 gutters-row-v-lg-0 gutters-row-v-md-0 gutters-row-v-0 style-487 style-local-267-c3 position-relative\">\n        <!---->\n        <div class=\"h-row justify-content-lg-center justify-content-md-center justify-content-center align-items-lg-stretch align-items-md-stretch align-items-stretch gutters-col-lg-0 gutters-col-md-0 gutters-col-0 gutters-col-v-lg-0 gutters-col-v-md-0 gutters-col-v-0\">\n          <!---->\n          <div class=\"h-column h-column-container d-flex h-col-lg-auto h-col-md-auto h-col-auto style-488-outer style-local-267-c4-outer\">\n            <div data-colibri-id=\"267-c4\" class=\"d-flex h-flex-basis h-column__inner h-px-lg-0 h-px-md-0 h-px-0 v-inner-lg-0 v-inner-md-0 v-inner-0 style-488 style-local-267-c4 position-relative\">\n              <!---->\n              <!---->\n              <div class=\"w-100 h-y-container h-column__content h-column__v-align flex-basis-100 align-self-lg-start align-self-md-start align-self-start\">\n                <!---->\n                <div data-colibri-id=\"267-c5\" class=\"h-row-container gutters-row-lg-2 gutters-row-md-2 gutters-row-0 gutters-row-v-lg-2 gutters-row-v-md-2 gutters-row-v-2 style-688 style-local-267-c5 position-relative\">\n                  <!---->\n                  <div class=\"h-row justify-content-lg-center justify-content-md-center justify-content-center align-items-lg-stretch align-items-md-stretch align-items-stretch gutters-col-lg-2 gutters-col-md-2 gutters-col-0 gutters-col-v-lg-2 gutters-col-v-md-2 gutters-col-v-2\">\n                    <!---->\n                    <div class=\"h-column h-column-container d-flex h-col-lg h-col-md h-col-auto style-689-outer style-local-267-c6-outer\">\n                      <div data-colibri-id=\"267-c6\" class=\"d-flex h-flex-basis h-column__inner h-px-lg-2 h-px-md-2 h-px-2 v-inner-lg-2 v-inner-md-2 v-inner-2 style-689 style-local-267-c6 position-relative\">\n                        <!---->\n                        <!---->\n                        <div class=\"w-100 h-y-container h-column__content h-column__v-align flex-basis-100 align-self-lg-start align-self-md-start align-self-start\">\n                          <!---->\n                          <div data-colibri-id=\"267-c7\" class=\"page-title style-489 style-local-267-c7 position-relative h-element\">\n                            <!---->\n                            <div class=\"h-page-title__outer style-489-outer style-local-267-c7-outer\">\n                              <div class=\"h-global-transition-all\"><span><h1 style='margin-bottom:0'>Egholm<\/h1><\/span><\/div>\n                            <\/div>\n                          <\/div>\n                        <\/div>\n                      <\/div>\n                    <\/div>\n                    <div class=\"h-column h-column-container d-flex h-col-lg-auto h-col-md-auto h-col-auto style-690-outer style-local-267-c8-outer\">\n                      <div data-colibri-id=\"267-c8\" class=\"d-flex h-flex-basis h-column__inner h-px-lg-2 h-px-md-2 h-px-2 v-inner-lg-2 v-inner-md-2 v-inner-2 style-690 style-local-267-c8 position-relative\">\n                        <!---->\n                        <!---->\n                        <div class=\"w-100 h-y-container h-column__content h-column__v-align flex-basis-auto align-self-lg-start align-self-md-start align-self-start\">\n                          <!---->\n                          <div data-colibri-id=\"267-c9\" class=\"h-global-transition-all h-heading style-691 style-local-267-c9 position-relative h-element\">\n                            <!---->\n                            <div class=\"h-heading__outer style-691 style-local-267-c9\">\n                              <!---->\n                              <!---->\n                              <h5 class=\"\">Links<\/h5>\n                            <\/div>\n                          <\/div>\n                          <div data-colibri-id=\"267-c10\" class=\"h-divider style-693 style-local-267-c10 position-relative h-element\">\n                            <!----><span class=\"h-divider__line style-693-line style-local-267-c10-line style-693-line style-local-267-c10-line\"><\/span><\/div>\n                          <div data-colibri-id=\"267-c11\" class=\"h-x-container style-658 style-local-267-c11 position-relative h-element\">\n                            <!---->\n                            <div class=\"h-x-container-inner style-dynamic-267-c11-group style-658-spacing style-local-267-c11-spacing\"><span class=\"h-button__outer style-659-outer style-local-267-c12-outer d-inline-flex h-element\"><a h-use-smooth-scroll=\"true\" href=\"https:\/\/klovborg.dk\/index.php\/colibri-706\/\"  data-colibri-id=\"267-c12\" class=\"d-flex w-100 align-items-center h-button justify-content-lg-center justify-content-md-center justify-content-center style-659 style-local-267-c12 position-relative\"><!----><!----> <span>Egholm Hegn<\/span><\/a>\n                              <\/span>\n                            <\/div>\n                          <\/div>\n                        <\/div>\n                      <\/div>\n                    <\/div>\n                  <\/div>\n                <\/div>\n                <div data-colibri-id=\"267-c14\" class=\"h-row-container gutters-row-lg-2 gutters-row-md-2 gutters-row-0 gutters-row-v-lg-2 gutters-row-v-md-2 gutters-row-v-2 style-694 style-local-267-c14 position-relative\">\n                  <!---->\n                  <div class=\"h-row justify-content-lg-center justify-content-md-center justify-content-center align-items-lg-stretch align-items-md-stretch align-items-stretch gutters-col-lg-2 gutters-col-md-2 gutters-col-0 gutters-col-v-lg-2 gutters-col-v-md-2 gutters-col-v-2\">\n                    <!---->\n                    <div class=\"h-column h-column-container d-flex h-col-lg-auto h-col-md-auto h-col-auto style-695-outer style-local-267-c15-outer\">\n                      <div data-colibri-id=\"267-c15\" class=\"d-flex h-flex-basis h-column__inner h-px-lg-2 h-px-md-2 h-px-2 v-inner-lg-2 v-inner-md-2 v-inner-2 style-695 style-local-267-c15 position-relative\">\n                        <!---->\n                        <!---->\n                        <div class=\"w-100 h-y-container h-column__content h-column__v-align flex-basis-auto align-self-lg-start align-self-md-start align-self-start\">\n                          <!---->\n                          <div data-colibri-id=\"267-c13\" class=\"h-text h-text-component style-490 style-local-267-c13 position-relative h-element\">\n                            <!---->\n                            <!---->\n                            <div class=\"\">\n                              <p>Egholm projektet.<\/p>\n                              <p>Fra 2023 har vi lejet n\u00e6sten 300 ha. Gr\u00e6sjord af Egholm Vestergaard. Egholm er en \u00f8 beliggende mellem \u00c5lborg og N\u00f8rresundby i Limfjorden, og dermed er omkostningerne ved traditionel markdrift blevet for store. Derfor besluttede\n                                Jens Thomsen, som ejer Egholm Vestergaard at l\u00e6gge hele arealet ud med gr\u00e6s i 2022 , og dermed afsat nogen CO2 kvoter til \u00c5lborg lufthavn.<\/p>\n                              <p>Arealet kr\u00e6ver afgr\u00e6sning for at kunne opfylde forpligtelserne til lufthavnen, og her kom vi ind i billedet, da de mange krydsningsdyr, der kommer, nu skal fodres s\u00e5 billigt som muligt. Der har v\u00e6ret en del af dem i Vildmosen,\n                                men her \u00f8nsker staten at inddrage dem i \u00e5rene som kommer. De arealer ligger dog meget t\u00e6ttere p\u00e5 os, men det nytter ikke hvis de ikke er til r\u00e5dighed.<\/p>\n                              <p>Det er en st\u00f8rre opgave, vi er i gang med, da der ingen brugbare hegn var, s\u00e5 der skal s\u00e6ttes ca. 35 km. hegn for at have styr p\u00e5 dyrene i hele omr\u00e5de. Der kommer en masse turister til \u00f8en for at nyde naturen, hvorfor der\n                                er opsat en hel del klapl\u00e5ger, s\u00e5 der er \u00e5benhed i hele omr\u00e5det.<\/p>\n                              <p>N\u00e5r alle hegn er sat op vil der blive 10 folde med mellem 10 og 40 ha., hvor vi s\u00e5 roterer dyrene med 2 til 4 dages mellemrum. Herved f\u00e5r de nyt gr\u00e6s med j\u00e6vne mellemrum, hvilket kaldes holistisk afgr\u00e6sning. I \u00e5r er der lidt\n                                over 300 dyr p\u00e5 \u00f8en, n\u00e6ste \u00e5r forventer vi, at der kan v\u00e6re 600 dyr, hvilket passer meget godt med behovet.<\/p>\n                              <p>Dyrene som afgr\u00e6sser er b\u00e5de han og hun k\u00f8n, men tyre er studet (kastreret) for at der kan v\u00e6re ro i flokken, og derfor er der ikke nogen fare ved at g\u00e5 ind i flokken. Meningen er, at de skal afgr\u00e6sse s\u00e5 l\u00e6nge som muligt\n                                og s\u00e5 p\u00e5 stald 2 -3 m\u00e5neder til slut, hvor vi fodrer dem med meget stivelse. Dermed bliver de optimeret med det som kaldes intramuskul\u00e6r fedt, og dermed noget virkeligt godt k\u00f8d. Navet p\u00e5 produktet er Premium Kvier, hvor\n                                der s\u00e5 er nogle krav til v\u00e6gt, alder samt klassificering.<\/p>\n                              <p>Lars Pedersen<\/p>\n                              <p>\n                                <br>\n                              <\/p>\n                            <\/div>\n                          <\/div>\n                        <\/div>\n                      <\/div>\n                    <\/div>\n                  <\/div>\n                <\/div>\n              <\/div>\n            <\/div>\n          <\/div>\n        <\/div>\n      <\/div>\n    <\/div>\n  <\/div>\n<\/div>","protected":false},"excerpt":{"rendered":"<p>Links Egholm Hegn Egholm projektet. Fra 2023 har vi lejet n\u00e6sten 300 ha. Gr\u00e6sjord af Egholm Vestergaard. Egholm er en \u00f8 beliggende mellem \u00c5lborg og N\u00f8rresundby i Limfjorden, og dermed er omkostningerne ved traditionel markdrift blevet for store. Derfor besluttede Jens Thomsen, som ejer Egholm Vestergaard at l\u00e6gge hele arealet ud med gr\u00e6s i 2022 [&hellip;]<\/p>\n","protected":false},"author":1,"featured_media":0,"parent":0,"menu_order":0,"comment_status":"closed","ping_status":"closed","template":"page-templates\/full-width-page.php","meta":{"footnotes":""},"class_list":["post-267","page","type-page","status-publish","hentry"],"_links":{"self":[{"href":"https:\/\/klovborg.dk\/index.php\/wp-json\/wp\/v2\/pages\/267","targetHints":{"allow":["GET"]}}],"collection":[{"href":"https:\/\/klovborg.dk\/index.php\/wp-json\/wp\/v2\/pages"}],"about":[{"href":"https:\/\/klovborg.dk\/index.php\/wp-json\/wp\/v2\/types\/page"}],"author":[{"embeddable":true,"href":"https:\/\/klovborg.dk\/index.php\/wp-json\/wp\/v2\/users\/1"}],"replies":[{"embeddable":true,"href":"https:\/\/klovborg.dk\/index.php\/wp-json\/wp\/v2\/comments?post=267"}],"version-history":[{"count":8,"href":"https:\/\/klovborg.dk\/index.php\/wp-json\/wp\/v2\/pages\/267\/revisions"}],"predecessor-version":[{"id":1049,"href":"https:\/\/klovborg.dk\/index.php\/wp-json\/wp\/v2\/pages\/267\/revisions\/1049"}],"wp:attachment":[{"href":"https:\/\/klovborg.dk\/index.php\/wp-json\/wp\/v2\/media?parent=267"}],"curies":[{"name":"wp","href":"https:\/\/api.w.org\/{rel}","templated":true}]}}