{"id":365,"date":"2023-11-30T15:05:51","date_gmt":"2023-11-30T15:05:51","guid":{"rendered":"https:\/\/klovborg.dk\/index.php\/markbrug\/"},"modified":"2023-12-01T09:16:37","modified_gmt":"2023-12-01T09:16:37","slug":"markbrug","status":"publish","type":"page","link":"https:\/\/klovborg.dk\/index.php\/markbrug\/","title":{"rendered":"Markbrug"},"content":{"rendered":"<div data-colibri-id=\"365-c1\" class=\"style-533 style-local-365-c1 position-relative\">\n  <!---->\n  <div data-colibri-component=\"section\" data-colibri-id=\"365-c2\" id=\"custom\" class=\"h-section h-section-global-spacing d-flex align-items-lg-center align-items-md-center align-items-center style-534 style-local-365-c2 position-relative\">\n    <!---->\n    <!---->\n    <div class=\"h-section-grid-container h-section-boxed-container\">\n      <!---->\n      <div data-colibri-id=\"365-c3\" class=\"h-row-container gutters-row-lg-2 gutters-row-md-2 gutters-row-0 gutters-row-v-lg-2 gutters-row-v-md-2 gutters-row-v-2 style-535 style-local-365-c3 position-relative\">\n        <!---->\n        <div class=\"h-row justify-content-lg-center justify-content-md-center justify-content-center align-items-lg-stretch align-items-md-stretch align-items-stretch gutters-col-lg-2 gutters-col-md-2 gutters-col-0 gutters-col-v-lg-2 gutters-col-v-md-2 gutters-col-v-2\">\n          <!---->\n          <div class=\"h-column h-column-container d-flex h-col-lg-auto h-col-md-auto h-col-auto style-536-outer style-local-365-c4-outer\">\n            <div data-colibri-id=\"365-c4\" class=\"d-flex h-flex-basis h-column__inner h-px-lg-2 h-px-md-2 h-px-2 v-inner-lg-2 v-inner-md-2 v-inner-2 style-536 style-local-365-c4 position-relative\">\n              <!---->\n              <!---->\n              <div class=\"w-100 h-y-container h-column__content h-column__v-align flex-basis-100 align-self-lg-start align-self-md-start align-self-start\">\n                <!---->\n                <div data-colibri-id=\"365-c5\" class=\"page-title style-537 style-local-365-c5 position-relative h-element\">\n                  <!---->\n                  <div class=\"h-page-title__outer style-537-outer style-local-365-c5-outer\">\n                    <div class=\"h-global-transition-all\"><span><h1 style='margin-bottom:0'>Markbrug<\/h1><\/span><\/div>\n                  <\/div>\n                <\/div>\n                <div data-colibri-id=\"365-c6\" class=\"h-text h-text-component style-538 style-local-365-c6 position-relative h-element\">\n                  <!---->\n                  <!---->\n                  <div class=\"\">\n                    <p>Vi driver ca. 850 ha med gr\u00e6s og majs. Alt sammen bliver brugt til vores k\u00f8er og kvier.<\/p>\n                    <p>Vores markbrug bidrager med ca 70 pct af det dyrene skal have at \u00e6de. Resten k\u00f8ber vi af Hedegaard, der leverer kraftfoder, som vi s\u00e5 mikser sammen hver dag.<\/p>\n                    <p>Idet jorden er kold , v\u00e5d og sandet, s\u00e5 er det altafg\u00f8rende, at vi har styr p\u00e5 vores afvanding. 75 procent af vores areal er dr\u00e6net. Dr\u00e6nene skal vedligeholdes l\u00f8bene. Nogle af r\u00f8rene skal spules rene hvert \u00e5r. Det er et ret stort\n                      arbejde, men meget n\u00f8dvendigt. Virker dr\u00e6nene ikke, s\u00e5 er det lige meget med resten af markarbejdet, plejer vi at sige.<\/p>\n                    <p>&nbsp;<\/p>\n                    <p>Der har de seneste \u00e5rs tid v\u00e6ret meget snak om labunsarealer. Dem har vi rigtig mange af i forhold til et kort, som vi har f\u00e5et tilsendt.<\/p>\n                    <p>Vi er i \u00f8jeblikket ved at f\u00e5 taget jordpr\u00f8ver p\u00e5 hele vores areal for at v\u00e6re sikker p\u00e5, om det er lavbundsjord. Det er ret afg\u00f8rende for klimaet, at vi f\u00e5r taget de rigtige jorde ud af drift, elleres giver det ikke mening for hverken\n                      os eller der \u00f8vrige samfund.<\/p>\n                    <p>\n                      <br>\n                    <\/p>\n                  <\/div>\n                <\/div>\n                <div data-colibri-id=\"365-c7\" class=\"d-block style-539 style-local-365-c7 position-relative h-element\">\n                  <!---->\n                  <div class=\"h-image__frame-container-outer\">\n                    <div class=\"h-image__frame-container\">\n                      <!---->\n                      <!---->\n                      <img loading=\"lazy\" decoding=\"async\" width=\"2000\" height=\"1333\" src=\"https:\/\/klovborg.dk\/wp-content\/uploads\/2023\/11\/IMG_1102.jpg\" class=\"wp-image-367 style-539-image style-local-365-c7-image\" alt=\"\" srcset=\"https:\/\/klovborg.dk\/wp-content\/uploads\/2023\/11\/IMG_1102.jpg 2000w, https:\/\/klovborg.dk\/wp-content\/uploads\/2023\/11\/IMG_1102-300x200.jpg 300w, https:\/\/klovborg.dk\/wp-content\/uploads\/2023\/11\/IMG_1102-1024x682.jpg 1024w, https:\/\/klovborg.dk\/wp-content\/uploads\/2023\/11\/IMG_1102-768x512.jpg 768w, https:\/\/klovborg.dk\/wp-content\/uploads\/2023\/11\/IMG_1102-1536x1024.jpg 1536w\" sizes=\"auto, (max-width: 2000px) 100vw, 2000px\" \/>\n                      <div class=\"h-image__frame h-hide-lg h-hide-md h-hide-sm style-539-frameImage style-local-365-c7-frameImage\"><\/div>\n                    <\/div>\n                  <\/div>\n                <\/div>\n              <\/div>\n            <\/div>\n          <\/div>\n        <\/div>\n      <\/div>\n    <\/div>\n  <\/div>\n<\/div>","protected":false},"excerpt":{"rendered":"<p>Vi driver ca. 850 ha med gr\u00e6s og majs. Alt sammen bliver brugt til vores k\u00f8er og kvier. Vores markbrug bidrager med ca 70 pct af det dyrene skal have at \u00e6de. Resten k\u00f8ber vi af Hedegaard, der leverer kraftfoder, som vi s\u00e5 mikser sammen hver dag. Idet jorden er kold , v\u00e5d og sandet, [&hellip;]<\/p>\n","protected":false},"author":1,"featured_media":0,"parent":0,"menu_order":0,"comment_status":"closed","ping_status":"closed","template":"page-templates\/full-width-page.php","meta":{"footnotes":""},"class_list":["post-365","page","type-page","status-publish","hentry"],"_links":{"self":[{"href":"https:\/\/klovborg.dk\/index.php\/wp-json\/wp\/v2\/pages\/365","targetHints":{"allow":["GET"]}}],"collection":[{"href":"https:\/\/klovborg.dk\/index.php\/wp-json\/wp\/v2\/pages"}],"about":[{"href":"https:\/\/klovborg.dk\/index.php\/wp-json\/wp\/v2\/types\/page"}],"author":[{"embeddable":true,"href":"https:\/\/klovborg.dk\/index.php\/wp-json\/wp\/v2\/users\/1"}],"replies":[{"embeddable":true,"href":"https:\/\/klovborg.dk\/index.php\/wp-json\/wp\/v2\/comments?post=365"}],"version-history":[{"count":2,"href":"https:\/\/klovborg.dk\/index.php\/wp-json\/wp\/v2\/pages\/365\/revisions"}],"predecessor-version":[{"id":578,"href":"https:\/\/klovborg.dk\/index.php\/wp-json\/wp\/v2\/pages\/365\/revisions\/578"}],"wp:attachment":[{"href":"https:\/\/klovborg.dk\/index.php\/wp-json\/wp\/v2\/media?parent=365"}],"curies":[{"name":"wp","href":"https:\/\/api.w.org\/{rel}","templated":true}]}}