{"id":706,"date":"2024-01-23T10:41:47","date_gmt":"2024-01-23T10:41:47","guid":{"rendered":"https:\/\/klovborg.dk\/?page_id=706"},"modified":"2025-01-09T13:45:20","modified_gmt":"2025-01-09T13:45:20","slug":"colibri-706","status":"publish","type":"page","link":"https:\/\/klovborg.dk\/index.php\/colibri-706\/","title":{"rendered":"Hegn Egholm"},"content":{"rendered":"<div data-colibri-id=\"706-c1\" class=\"style-638 style-local-706-c1 position-relative\">\n  <!---->\n  <div data-colibri-component=\"section\" data-colibri-id=\"706-c2\" id=\"custom\" class=\"h-section h-section-global-spacing d-flex align-items-lg-center align-items-md-center align-items-center style-639 style-local-706-c2 position-relative\">\n    <!---->\n    <!---->\n    <div class=\"h-section-grid-container h-section-boxed-container\">\n      <!---->\n      <div data-colibri-id=\"706-c3\" class=\"h-row-container gutters-row-lg-2 gutters-row-md-2 gutters-row-0 gutters-row-v-lg-2 gutters-row-v-md-2 gutters-row-v-2 style-642 style-local-706-c3 position-relative\">\n        <!---->\n        <div class=\"h-row justify-content-lg-center justify-content-md-center justify-content-center align-items-lg-stretch align-items-md-stretch align-items-stretch gutters-col-lg-2 gutters-col-md-2 gutters-col-0 gutters-col-v-lg-2 gutters-col-v-md-2 gutters-col-v-2\">\n          <!---->\n          <div class=\"h-column h-column-container d-flex h-col-lg h-col-md h-col-auto style-643-outer style-local-706-c4-outer\">\n            <div data-colibri-id=\"706-c4\" class=\"d-flex h-flex-basis h-column__inner h-px-lg-2 h-px-md-2 h-px-2 v-inner-lg-2 v-inner-md-2 v-inner-2 style-643 style-local-706-c4 position-relative\">\n              <!---->\n              <!---->\n              <div class=\"w-100 h-y-container h-column__content h-column__v-align flex-basis-100 align-self-lg-start align-self-md-start align-self-start\">\n                <!---->\n                <div data-colibri-id=\"706-c5\" class=\"page-title style-644 style-local-706-c5 position-relative h-element\">\n                  <!---->\n                  <div class=\"h-page-title__outer style-644-outer style-local-706-c5-outer\">\n                    <div class=\"h-global-transition-all\"><span><h1 style='margin-bottom:0'>Hegn Egholm<\/h1><\/span><\/div>\n                  <\/div>\n                <\/div>\n              <\/div>\n            <\/div>\n          <\/div>\n          <div class=\"h-column h-column-container d-flex h-col-lg-auto h-col-md-auto h-col-auto style-684-outer style-local-706-c6-outer\">\n            <div data-colibri-id=\"706-c6\" class=\"d-flex h-flex-basis h-column__inner h-px-lg-2 h-px-md-2 h-px-2 v-inner-lg-2 v-inner-md-2 v-inner-2 style-684 style-local-706-c6 position-relative\">\n              <!---->\n              <!---->\n              <div class=\"w-100 h-y-container h-column__content h-column__v-align flex-basis-auto align-self-lg-start align-self-md-start align-self-start\">\n                <!---->\n                <div data-colibri-id=\"706-c7\" class=\"h-global-transition-all h-heading style-685 style-local-706-c7 position-relative h-element\">\n                  <!---->\n                  <div class=\"h-heading__outer style-685 style-local-706-c7\">\n                    <!---->\n                    <!---->\n                    <h5 class=\"\">PDF<\/h5>\n                  <\/div>\n                <\/div>\n                <div data-colibri-id=\"706-c8\" class=\"h-divider style-687 style-local-706-c8 position-relative h-element\">\n                  <!----><span class=\"h-divider__line style-687-line style-local-706-c8-line style-687-line style-local-706-c8-line\"><\/span><\/div>\n                <div data-colibri-id=\"706-c9\" class=\"h-x-container style-656 style-local-706-c9 position-relative h-element\">\n                  <!---->\n                  <div class=\"h-x-container-inner style-dynamic-706-c9-group style-656-spacing style-local-706-c9-spacing\"><span class=\"h-button__outer style-657-outer style-local-706-c10-outer d-inline-flex h-element\"><a h-use-smooth-scroll=\"true\" href=\"https:\/\/klovborg.dk\/wp-content\/uploads\/2024\/01\/Hegn-oversigt-Egholm.pdf\" target=\"_blank\" data-colibri-id=\"706-c10\" class=\"d-flex w-100 align-items-center h-button justify-content-lg-center justify-content-md-center justify-content-center style-657 style-local-706-c10 position-relative\" rel=\"noopener\"><!----><!----> <span>Hegn Oversigt<\/span><\/a>\n                    <\/span>\n                  <\/div>\n                <\/div>\n              <\/div>\n            <\/div>\n          <\/div>\n        <\/div>\n      <\/div>\n      <div data-colibri-id=\"706-c11\" class=\"h-row-container gutters-row-lg-2 gutters-row-md-2 gutters-row-0 gutters-row-v-lg-2 gutters-row-v-md-2 gutters-row-v-2 style-640 style-local-706-c11 position-relative\">\n        <!---->\n        <div class=\"h-row justify-content-lg-center justify-content-md-center justify-content-center align-items-lg-stretch align-items-md-stretch align-items-stretch gutters-col-lg-2 gutters-col-md-2 gutters-col-0 gutters-col-v-lg-2 gutters-col-v-md-2 gutters-col-v-2\">\n          <!---->\n          <div class=\"h-column h-column-container d-flex h-col-lg-auto h-col-md-auto h-col-auto style-641-outer style-local-706-c12-outer\">\n            <div data-colibri-id=\"706-c12\" class=\"d-flex h-flex-basis h-column__inner h-px-lg-2 h-px-md-2 h-px-2 v-inner-lg-2 v-inner-md-2 v-inner-2 style-641 style-local-706-c12 position-relative\">\n              <!---->\n              <!---->\n              <div class=\"w-100 h-y-container h-column__content h-column__v-align flex-basis-100 align-self-lg-start align-self-md-start align-self-start\">\n                <!---->\n                <div data-colibri-id=\"706-c13\" class=\"h-text h-text-component style-645 style-local-706-c13 position-relative h-element\">\n                  <!---->\n                  <!---->\n                  <div class=\"\">\n                    <p>I slutningen af 2022 blev vi bekendt med at et st\u00f8rre areal p\u00e5 Egholm var blevet udlagt med gr\u00e6s og der var et \u00f8nske om at det fremover blev afgr\u00e6sset.<\/p>\n                    <p>En del af arealet var nature 2000 og havde v\u00e6ret delvis afgr\u00e6sset gennem tiden med en del sm\u00e5 folde. Vores \u00f8nske var og f\u00e5 lavet nogen st\u00f8rre folde, og gerne som skifte folde s\u00e5 vi kunne lave en holistisk afgr\u00e6sning. Hele \u00f8en er \u00f8kologisk\n                      men havde v\u00e6ret drevet med alm. Korn og raps dyrkning, suppleret med en udend\u00f8rs grisebes\u00e6tning, grisene er borte og det meste af \u00f8en vil fremover v\u00e6re med gr\u00e6s som vil blive afgr\u00e6sset gennem sommeren.<\/p>\n                    <p>Vi s\u00f8gte og fik bevilliget hegnsst\u00f8tte til Nature 2000 arealet som d\u00e6kker ca. 30 % af det lejede areal. Pengene blev bevilliget med base i de neden st\u00e5ende styrelser samt EU\u00b4s landdistrikts pulje <\/p>\n                  <\/div>\n                <\/div>\n                <div data-colibri-id=\"706-c14\" class=\"d-block style-655 style-local-706-c14 position-relative h-element\">\n                  <!---->\n                  <div class=\"h-image__frame-container-outer\">\n                    <a href=\"http:\/\/ec.europa.eu\/agriculture\/index_da.htm\" target=\"_blank\" h-use-smooth-scroll=\"true\" class=\"image-link\" rel=\"noopener\">\n                      <div class=\"h-image__frame-container\">\n                        <!---->\n                        <!---->\n                        <img loading=\"lazy\" decoding=\"async\" width=\"11340\" height=\"3898\" src=\"https:\/\/klovborg.dk\/wp-content\/uploads\/2024\/01\/LBST_EU_LDP_vandret_billede.png\" class=\"wp-image-735 style-655-image style-local-706-c14-image\" alt=\"\" srcset=\"https:\/\/klovborg.dk\/wp-content\/uploads\/2024\/01\/LBST_EU_LDP_vandret_billede.png 11340w, https:\/\/klovborg.dk\/wp-content\/uploads\/2024\/01\/LBST_EU_LDP_vandret_billede-300x103.png 300w, https:\/\/klovborg.dk\/wp-content\/uploads\/2024\/01\/LBST_EU_LDP_vandret_billede-1024x352.png 1024w, https:\/\/klovborg.dk\/wp-content\/uploads\/2024\/01\/LBST_EU_LDP_vandret_billede-768x264.png 768w, https:\/\/klovborg.dk\/wp-content\/uploads\/2024\/01\/LBST_EU_LDP_vandret_billede-1536x528.png 1536w, https:\/\/klovborg.dk\/wp-content\/uploads\/2024\/01\/LBST_EU_LDP_vandret_billede-2048x704.png 2048w\" sizes=\"auto, (max-width: 11340px) 100vw, 11340px\" \/>\n                        <div class=\"h-image__frame h-hide-lg h-hide-md h-hide-sm style-655-frameImage style-local-706-c14-frameImage\"><\/div>\n                      <\/div>\n                    <\/a>\n                  <\/div>\n                <\/div>\n              <\/div>\n            <\/div>\n          <\/div>\n        <\/div>\n      <\/div>\n    <\/div>\n  <\/div>\n<\/div>","protected":false},"excerpt":{"rendered":"<p>PDF Hegn Oversigt I slutningen af 2022 blev vi bekendt med at et st\u00f8rre areal p\u00e5 Egholm var blevet udlagt med gr\u00e6s og der var et \u00f8nske om at det fremover blev afgr\u00e6sset. En del af arealet var nature 2000 og havde v\u00e6ret delvis afgr\u00e6sset gennem tiden med en del sm\u00e5 folde. Vores \u00f8nske var [&hellip;]<\/p>\n","protected":false},"author":1,"featured_media":0,"parent":0,"menu_order":0,"comment_status":"closed","ping_status":"closed","template":"page-templates\/full-width-page.php","meta":{"footnotes":""},"class_list":["post-706","page","type-page","status-publish","hentry"],"_links":{"self":[{"href":"https:\/\/klovborg.dk\/index.php\/wp-json\/wp\/v2\/pages\/706","targetHints":{"allow":["GET"]}}],"collection":[{"href":"https:\/\/klovborg.dk\/index.php\/wp-json\/wp\/v2\/pages"}],"about":[{"href":"https:\/\/klovborg.dk\/index.php\/wp-json\/wp\/v2\/types\/page"}],"author":[{"embeddable":true,"href":"https:\/\/klovborg.dk\/index.php\/wp-json\/wp\/v2\/users\/1"}],"replies":[{"embeddable":true,"href":"https:\/\/klovborg.dk\/index.php\/wp-json\/wp\/v2\/comments?post=706"}],"version-history":[{"count":16,"href":"https:\/\/klovborg.dk\/index.php\/wp-json\/wp\/v2\/pages\/706\/revisions"}],"predecessor-version":[{"id":1035,"href":"https:\/\/klovborg.dk\/index.php\/wp-json\/wp\/v2\/pages\/706\/revisions\/1035"}],"wp:attachment":[{"href":"https:\/\/klovborg.dk\/index.php\/wp-json\/wp\/v2\/media?parent=706"}],"curies":[{"name":"wp","href":"https:\/\/api.w.org\/{rel}","templated":true}]}}