{"id":909,"date":"2025-01-09T12:40:20","date_gmt":"2025-01-09T12:40:20","guid":{"rendered":"https:\/\/klovborg.dk\/?page_id=909"},"modified":"2025-01-16T08:32:11","modified_gmt":"2025-01-16T08:32:11","slug":"engbrogaard","status":"publish","type":"page","link":"https:\/\/klovborg.dk\/index.php\/engbrogaard\/","title":{"rendered":"Engbrog\u00e5rd"},"content":{"rendered":"<div data-colibri-id=\"909-c1\" class=\"style-663 style-local-909-c1 position-relative\">\n  <!---->\n  <div data-colibri-component=\"section\" data-colibri-id=\"909-c2\" id=\"custom\" class=\"h-section h-section-global-spacing d-flex align-items-lg-center align-items-md-center align-items-center style-664 style-local-909-c2 position-relative\">\n    <!---->\n    <!---->\n    <div class=\"h-section-grid-container h-section-boxed-container\">\n      <!---->\n      <div data-colibri-id=\"909-c3\" class=\"h-row-container gutters-row-lg-0 gutters-row-md-0 gutters-row-0 gutters-row-v-lg-0 gutters-row-v-md-0 gutters-row-v-0 style-665 style-local-909-c3 position-relative\">\n        <!---->\n        <div class=\"h-row justify-content-lg-center justify-content-md-center justify-content-center align-items-lg-stretch align-items-md-stretch align-items-stretch gutters-col-lg-0 gutters-col-md-0 gutters-col-0 gutters-col-v-lg-0 gutters-col-v-md-0 gutters-col-v-0\">\n          <!---->\n          <div class=\"h-column h-column-container d-flex h-col-lg-auto h-col-md-auto h-col-auto style-666-outer style-local-909-c4-outer\">\n            <div data-colibri-id=\"909-c4\" class=\"d-flex h-flex-basis h-column__inner h-px-lg-0 h-px-md-0 h-px-0 v-inner-lg-0 v-inner-md-0 v-inner-0 style-666 style-local-909-c4 position-relative\">\n              <!---->\n              <!---->\n              <div class=\"w-100 h-y-container h-column__content h-column__v-align flex-basis-100 align-self-lg-start align-self-md-start align-self-start\">\n                <!---->\n                <div data-colibri-id=\"909-c5\" class=\"h-row-container gutters-row-lg-1 gutters-row-md-1 gutters-row-0 gutters-row-v-lg-1 gutters-row-v-md-1 gutters-row-v-1 style-671 style-local-909-c5 position-relative\">\n                  <!---->\n                  <div class=\"h-row justify-content-lg-start justify-content-md-start justify-content-start align-items-lg-stretch align-items-md-stretch align-items-stretch gutters-col-lg-1 gutters-col-md-1 gutters-col-0 gutters-col-v-lg-1 gutters-col-v-md-1 gutters-col-v-1\">\n                    <!---->\n                    <div class=\"h-column h-column-container d-flex h-col-lg-auto h-col-md-auto h-col-auto style-672-outer style-local-909-c6-outer\">\n                      <div data-colibri-id=\"909-c6\" class=\"d-flex h-flex-basis h-column__inner h-px-lg-2 h-px-md-2 h-px-2 v-inner-lg-2 v-inner-md-2 v-inner-2 style-672 style-local-909-c6 position-relative\">\n                        <!---->\n                        <!---->\n                        <div class=\"w-100 h-y-container h-column__content h-column__v-align flex-basis-auto align-self-lg-start align-self-md-start align-self-start\">\n                          <!---->\n                          <div data-colibri-id=\"909-c7\" class=\"page-title style-668 style-local-909-c7 position-relative h-element\">\n                            <!---->\n                            <div class=\"h-page-title__outer style-668-outer style-local-909-c7-outer\">\n                              <div class=\"h-global-transition-all\"><span><h1 style='margin-bottom:0'>Engbrog\u00e5rd<\/h1><\/span><\/div>\n                            <\/div>\n                          <\/div>\n                        <\/div>\n                      <\/div>\n                    <\/div>\n                  <\/div>\n                <\/div>\n                <div data-colibri-id=\"909-c8\" class=\"h-row-container gutters-row-lg-2 gutters-row-md-2 gutters-row-0 gutters-row-v-lg-2 gutters-row-v-md-2 gutters-row-v-2 style-678 style-local-909-c8 position-relative\">\n                  <!---->\n                  <div class=\"h-row justify-content-lg-center justify-content-md-center justify-content-center align-items-lg-stretch align-items-md-stretch align-items-stretch gutters-col-lg-2 gutters-col-md-2 gutters-col-0 gutters-col-v-lg-2 gutters-col-v-md-2 gutters-col-v-2\">\n                    <!---->\n                    <div class=\"h-column h-column-container d-flex h-col-lg h-col-md h-col-auto style-679-outer style-local-909-c9-outer\">\n                      <div data-colibri-id=\"909-c9\" class=\"d-flex h-flex-basis h-column__inner h-px-lg-2 h-px-md-2 h-px-2 v-inner-lg-2 v-inner-md-2 v-inner-2 style-679 style-local-909-c9 position-relative\">\n                        <!---->\n                        <!---->\n                        <div class=\"w-100 h-y-container h-column__content h-column__v-align flex-basis-100 align-self-lg-start align-self-md-start align-self-start\">\n                          <!---->\n                          <div data-colibri-id=\"909-c10\" class=\"d-block style-669 style-local-909-c10 position-relative h-element\">\n                            <!---->\n                            <div class=\"h-image__frame-container-outer\">\n                              <div class=\"h-image__frame-container\">\n                                <!---->\n                                <!---->\n                                <img loading=\"lazy\" decoding=\"async\" width=\"2560\" height=\"848\" src=\"https:\/\/klovborg.dk\/wp-content\/uploads\/2025\/01\/Klovborg-Visualisering-komprimeret-scaled.jpg\" class=\"wp-image-1069 style-669-image style-local-909-c10-image\" alt=\"\" srcset=\"https:\/\/klovborg.dk\/wp-content\/uploads\/2025\/01\/Klovborg-Visualisering-komprimeret-scaled.jpg 2560w, https:\/\/klovborg.dk\/wp-content\/uploads\/2025\/01\/Klovborg-Visualisering-komprimeret-300x99.jpg 300w, https:\/\/klovborg.dk\/wp-content\/uploads\/2025\/01\/Klovborg-Visualisering-komprimeret-1024x339.jpg 1024w, https:\/\/klovborg.dk\/wp-content\/uploads\/2025\/01\/Klovborg-Visualisering-komprimeret-768x254.jpg 768w, https:\/\/klovborg.dk\/wp-content\/uploads\/2025\/01\/Klovborg-Visualisering-komprimeret-1536x509.jpg 1536w, https:\/\/klovborg.dk\/wp-content\/uploads\/2025\/01\/Klovborg-Visualisering-komprimeret-2048x678.jpg 2048w\" sizes=\"auto, (max-width: 2560px) 100vw, 2560px\" \/>\n                                <div class=\"h-image__frame h-hide-lg h-hide-md h-hide-sm style-669-frameImage style-local-909-c10-frameImage\"><\/div>\n                              <\/div>\n                            <\/div>\n                          <\/div>\n                        <\/div>\n                      <\/div>\n                    <\/div>\n                    <div class=\"h-column h-column-container d-flex h-col-lg-auto h-col-md-auto h-col-auto style-680-outer style-local-909-c11-outer\">\n                      <div data-colibri-id=\"909-c11\" class=\"d-flex h-flex-basis h-column__inner h-px-lg-2 h-px-md-2 h-px-2 v-inner-lg-2 v-inner-md-2 v-inner-2 style-680 style-local-909-c11 position-relative\">\n                        <!---->\n                        <!---->\n                        <div class=\"w-100 h-y-container h-column__content h-column__v-align flex-basis-auto align-self-lg-start align-self-md-start align-self-start\">\n                          <!---->\n                          <div data-colibri-id=\"909-c12\" class=\"h-global-transition-all h-heading style-681 style-local-909-c12 position-relative h-element\">\n                            <!---->\n                            <div class=\"h-heading__outer style-681 style-local-909-c12\">\n                              <!---->\n                              <!---->\n                              <h5 class=\"\">PDF<\/h5>\n                            <\/div>\n                          <\/div>\n                          <div data-colibri-id=\"909-c13\" class=\"h-divider style-683 style-local-909-c13 position-relative h-element\">\n                            <!----><span class=\"h-divider__line style-683-line style-local-909-c13-line style-683-line style-local-909-c13-line\"><\/span><\/div>\n                          <div data-colibri-id=\"909-c14\" class=\"h-x-container style-676 style-local-909-c14 position-relative h-element\">\n                            <!---->\n                            <div class=\"h-x-container-inner style-dynamic-909-c14-group style-676-spacing style-local-909-c14-spacing\"><span class=\"h-button__outer style-677-outer style-local-909-c15-outer d-inline-flex h-element\"><a h-use-smooth-scroll=\"true\" href=\"https:\/\/klovborg.dk\/wp-content\/uploads\/2025\/01\/Ungdyrstalde.pdf\" data-default-type=\"image\" data-fancybox=\"section-group-gVmy9zd9zEaSVZP7Wz2Pj1\"  data-colibri-id=\"909-c15\" class=\"d-flex w-100 align-items-center h-button justify-content-lg-center justify-content-md-center justify-content-center style-677 style-local-909-c15 position-relative\"><!----><!----> <span>Nye Ungdyrstalde<\/span><\/a>\n                              <\/span>\n                            <\/div>\n                          <\/div>\n                        <\/div>\n                      <\/div>\n                    <\/div>\n                  <\/div>\n                <\/div>\n                <div data-colibri-id=\"909-c16\" class=\"h-row-container gutters-row-lg-2 gutters-row-md-2 gutters-row-0 gutters-row-v-lg-2 gutters-row-v-md-2 gutters-row-v-2 style-696 style-local-909-c16 position-relative\">\n                  <!---->\n                  <div class=\"h-row justify-content-lg-center justify-content-md-center justify-content-center align-items-lg-stretch align-items-md-stretch align-items-stretch gutters-col-lg-2 gutters-col-md-2 gutters-col-0 gutters-col-v-lg-2 gutters-col-v-md-2 gutters-col-v-2\">\n                    <!---->\n                    <div class=\"h-column h-column-container d-flex h-col-lg-auto h-col-md-auto h-col-auto style-697-outer style-local-909-c17-outer\">\n                      <div data-colibri-id=\"909-c17\" class=\"d-flex h-flex-basis h-column__inner h-px-lg-2 h-px-md-2 h-px-2 v-inner-lg-2 v-inner-md-2 v-inner-2 style-697 style-local-909-c17 position-relative\">\n                        <!---->\n                        <!---->\n                        <div class=\"w-100 h-y-container h-column__content h-column__v-align flex-basis-auto align-self-lg-start align-self-md-start align-self-start\">\n                          <!---->\n                          <div data-colibri-id=\"909-c18\" class=\"h-global-transition-all h-heading style-670 style-local-909-c18 position-relative h-element\">\n                            <!---->\n                            <div class=\"h-heading__outer style-670 style-local-909-c18\">\n                              <!---->\n                              <!---->\n                              <h4 class=\"\">De nye stalde p\u00e5 Engbrog\u00e5rd<\/h4>\n                            <\/div>\n                          <\/div>\n                          <div data-colibri-id=\"909-c19\" class=\"h-text h-text-component style-667 style-local-909-c19 position-relative h-element\">\n                            <!---->\n                            <!---->\n                            <div class=\"\">\n                              <p>Til jul 2024 stod de nye stalde p\u00e5 Engbrog\u00e5rd f\u00e6rdige, et stort projekt p\u00e5 11.000 m3. Staldende skal rumme alt vores jersey opdr\u00e6t, samt en k\u00e6lveafdeling. <\/p>\n                              <p>Tankerne blev f\u00f8dt for mere end 5 \u00e5r siden, alle jersey kalvene er indtil ca.5 m\u00e5neder p\u00e5 Klovborg, og herefter flyttet til forskellige satellitter ligesom hvor det passede med st\u00f8rrelse og plads, hvilket skete delvist i\n                                lejede bygninger som ikke lige l\u00e5 ved siden af.<\/p>\n                              <p>Slutholdet p\u00e5 Klovborg er p\u00e5 23 dyr, hvorfor det nye s\u00e6t up er t\u00e6nkt videre herfra. Stald 1 som rummer de mindste og ligger mod vest, starter kalvene i vest siden, efter de kommer med vogn mandag formiddag og g\u00e5r p\u00e5 drivgangen\n                                ind i stalden. Der er plads til 46 i de enkelte afsnit, hvilket betyder at vi flytter (roterer) alle dyr hver anden uge. Der er 4 forskellige st\u00f8rrelse b\u00e5se (senge) til kvierne at ligge i, og siden de vokser hver dag er\n                                der brug for at komme til st\u00f8rre senge med korte mellemrum, derfor flytter vi dem hver anden uge, hvilket g\u00e5r meget nemt da der er lavet l\u00e5ger som lukker mellemgange af, p\u00e5 den m\u00e5de er kvierne tilpas med nye forhold, som\n                                ikke skuffer.<\/p>\n                              <p>N\u00e5r kvierne er 11 til 12 m\u00e5neder kommer de i stald 2, her skal de igen ud p\u00e5 drivgangen og over i vestsiden af stald 2, igen til lidt st\u00f8rre senge eller plads. Stald 2 er 4 m bredere end stald 1 hvilket siger lidt om hvad\n                                dyr vokser. N\u00e5r de ankommer i stald 2 f\u00e5r de halsb\u00e5nd p\u00e5 med aktivitets m\u00e5ler, s\u00e5 vi kan finde ud af hvorn\u00e5r de kommer i brunst. Den f\u00f8rste inseminering sker straks efter de er 12 m\u00e5neder, vi tilstr\u00e6ber en k\u00e6lvealder p\u00e5\n                                22 m\u00e5neder, men det er dyr vi arbejder med og derfor kun 60% chance for de er dr\u00e6gtige, vi bruger derfor n\u00e6sten 2 insemineringer til hver kvie. Omkring 50 dage efter inseminering kan vi unders\u00f8ge om kvien er dr\u00e6gtig. Kvierne\n                                bliver herefter rykket videre og g\u00e5r nu i grupper med omkring samme l\u00e6ngde i dr\u00e6gtighed og vil n\u00e5r de er omkring 8 m\u00e5neder henne i dr\u00e6gtigheden blive flyttet over i stald 3 som er k\u00e6lveafdeling.<\/p>\n                              <p>Her vil kvierne komme til at g\u00e5 i nogen store bokse med omkring 15 \u2013 18 dyr. Kvierne har nu en tid til at v\u00e6nne sig til de nye anderledes forhold og vil n\u00e5r tid er k\u00e6lve i disse bokse. Der er nogen hj\u00f8rner som kan sk\u00e6rmes\n                                af og de kan g\u00e5 med kalven i fred og ro. Kalven vil v\u00e6re ved moderen omkring 2 d\u00f8gn, hvor den patter moderen og dermed f\u00e5r den livsn\u00f8dvendige r\u00e5m\u00e6lk (kolostrum) som giver kalven de n\u00f8dvendige antistoffer som er vigtige\n                                for dens videre liv. Efter det kommer kalven v\u00e6k fra moderen og placeres i bokse sammen med andre kalve og hvis det er jersey kommer de til Klovborg, og hele rotationen starter igen.<\/p>\n                              <p>I vestsiden af stald 2 er der 300 sengeb\u00e5se til k\u00f8er. K\u00f8erne skal helst k\u00e6lve en gang om \u00e5ret for at kunne producere m\u00e6lk. Derfor bliver de mellem 50 og 60 dage goldet af (stoppet med at blive malket) og placeret i disse\n                                sengeb\u00e5se, igen i hold s\u00e5 de passer sammen. 2 uger f\u00f8r de k\u00e6lver flyttes de til de store bokse, igen med ca. 15 i holdet. K\u00f8er kan variere nogen i dr\u00e6gtighed l\u00e6ngde hvorfor de bliver flyttet 12 -17 dage f\u00f8r forventet, k\u00e6lvningen\n                                foreg\u00e5r i gruppen men de kan ligesom kvierne lukkes fra i hj\u00f8rnerne s\u00e5 de har fred og ro til at tage sig af kalven.<\/p>\n                              <p>En del af k\u00f8erne er befrugtet med Angus tyre, hvor der s\u00e5 kommer en krydsningskalv som skal bruges til k\u00f8dproduktion og slagtes ved 2 \u00e5rsalderen. Disse kalve bliver delvis i stalden og patter nogen k\u00f8er l\u00e6ngere tid en jersey\n                                kalvene inden de kommer videre i systemet. <\/p>\n                              <p>\n                                <br>\n                              <\/p>\n                            <\/div>\n                          <\/div>\n                        <\/div>\n                      <\/div>\n                    <\/div>\n                  <\/div>\n                <\/div>\n              <\/div>\n            <\/div>\n          <\/div>\n        <\/div>\n      <\/div>\n    <\/div>\n  <\/div>\n<\/div>","protected":false},"excerpt":{"rendered":"<p>PDF Nye Ungdyrstalde De nye stalde p\u00e5 Engbrog\u00e5rd Til jul 2024 stod de nye stalde p\u00e5 Engbrog\u00e5rd f\u00e6rdige, et stort projekt p\u00e5 11.000 m3. Staldende skal rumme alt vores jersey opdr\u00e6t, samt en k\u00e6lveafdeling. Tankerne blev f\u00f8dt for mere end 5 \u00e5r siden, alle jersey kalvene er indtil ca.5 m\u00e5neder p\u00e5 Klovborg, og herefter flyttet [&hellip;]<\/p>\n","protected":false},"author":1,"featured_media":0,"parent":0,"menu_order":0,"comment_status":"closed","ping_status":"closed","template":"page-templates\/full-width-page.php","meta":{"footnotes":""},"class_list":["post-909","page","type-page","status-publish","hentry"],"_links":{"self":[{"href":"https:\/\/klovborg.dk\/index.php\/wp-json\/wp\/v2\/pages\/909","targetHints":{"allow":["GET"]}}],"collection":[{"href":"https:\/\/klovborg.dk\/index.php\/wp-json\/wp\/v2\/pages"}],"about":[{"href":"https:\/\/klovborg.dk\/index.php\/wp-json\/wp\/v2\/types\/page"}],"author":[{"embeddable":true,"href":"https:\/\/klovborg.dk\/index.php\/wp-json\/wp\/v2\/users\/1"}],"replies":[{"embeddable":true,"href":"https:\/\/klovborg.dk\/index.php\/wp-json\/wp\/v2\/comments?post=909"}],"version-history":[{"count":19,"href":"https:\/\/klovborg.dk\/index.php\/wp-json\/wp\/v2\/pages\/909\/revisions"}],"predecessor-version":[{"id":1086,"href":"https:\/\/klovborg.dk\/index.php\/wp-json\/wp\/v2\/pages\/909\/revisions\/1086"}],"wp:attachment":[{"href":"https:\/\/klovborg.dk\/index.php\/wp-json\/wp\/v2\/media?parent=909"}],"curies":[{"name":"wp","href":"https:\/\/api.w.org\/{rel}","templated":true}]}}